{"id":3957,"date":"2021-06-02T14:08:58","date_gmt":"2021-06-02T14:08:58","guid":{"rendered":"http:\/\/perer7.sg-host.com\/devoluciones\/"},"modified":"2021-06-02T14:08:59","modified_gmt":"2021-06-02T14:08:59","slug":"devoluciones","status":"publish","type":"page","link":"https:\/\/trendssoncommunity.com\/es\/devoluciones\/","title":{"rendered":"Devoluciones"},"content":{"rendered":"\t\t<div data-elementor-type=\"wp-page\" data-elementor-id=\"3957\" class=\"elementor elementor-3957 elementor-2793\" data-elementor-post-type=\"page\">\n\t\t\t\t\t\t<section class=\"has_ae_slider elementor-section elementor-top-section elementor-element elementor-element-b525550 elementor-section-boxed elementor-section-height-default elementor-section-height-default ae-bg-gallery-type-default\" data-id=\"b525550\" data-element_type=\"section\" data-e-type=\"section\" data-settings=\"{&quot;background_background&quot;:&quot;classic&quot;}\">\n\t\t\t\t\t\t<div class=\"elementor-container elementor-column-gap-default\">\n\t\t\t\t\t<div class=\"has_ae_slider elementor-column elementor-col-100 elementor-top-column elementor-element elementor-element-f0879c7 ae-bg-gallery-type-default\" data-id=\"f0879c7\" data-element_type=\"column\" data-e-type=\"column\">\n\t\t\t<div class=\"elementor-widget-wrap elementor-element-populated\">\n\t\t\t\t\t\t<div class=\"elementor-element elementor-element-4fecbb9 elementor-widget elementor-widget-heading\" data-id=\"4fecbb9\" data-element_type=\"widget\" data-e-type=\"widget\" data-widget_type=\"heading.default\">\n\t\t\t\t<div class=\"elementor-widget-container\">\n\t\t\t\t\t<h1 class=\"elementor-heading-title elementor-size-default\">DEVOLUCIONES, REEMBOLSOS Y CAMBIOS <\/h1>\t\t\t\t<\/div>\n\t\t\t\t<\/div>\n\t\t\t\t<div class=\"elementor-element elementor-element-855bb17 elementor-widget elementor-widget-text-editor\" data-id=\"855bb17\" data-element_type=\"widget\" data-e-type=\"widget\" data-widget_type=\"text-editor.default\">\n\t\t\t\t<div class=\"elementor-widget-container\">\n\t\t\t\t\t\t\t\t\t<p class=\"p1\"><span class=\"s1\">TRENDSSON no ofrece la posibilidad de devoluci\u00f3n del importe del art\u00edculo, los costos de servicio, env\u00edo y los impuestos o aranceles de importaci\u00f3n o exportaci\u00f3n pagados no son reembolsables de acuerdo con esta Pol\u00edtica de devoluci\u00f3n y el cliente debe hacerse cargo de ellos.\u00a0Sujeto a ciertas condiciones o excepciones.<span class=\"Apple-converted-space\">\u00a0<\/span><\/span><\/p>\n<p class=\"p1\"><span class=\"s1\">Por favor consulte nuestros <\/span><span class=\"s2\">T\u00e9rminos y Condiciones<\/span><span class=\"s1\">, o bien comun\u00edquese con nuestro departamento a <a href=\"mailto:info@ioanamariin-xprmk.wpcomstaging.com\"><span class=\"s3\">info@ioanamariin-xprmk.wpcomstaging.com<\/span><\/a> o ll\u00e1menos o escribanos por WhatsApp al + 34 678225019<\/span><\/p>\n\t\t\t\t\t\t\t\t<\/div>\n\t\t\t\t<\/div>\n\t\t\t\t\t<\/div>\n\t\t<\/div>\n\t\t\t\t\t<\/div>\n\t\t<\/section>\n\t\t\t\t<\/div>\n\t\t","protected":false},"excerpt":{"rendered":"<p>DEVOLUCIONES, REEMBOLSOS Y CAMBIOS TRENDSSON no ofrece la posibilidad de devoluci\u00f3n del importe del art\u00edculo, los costos de servicio, env\u00edo y los impuestos o aranceles de importaci\u00f3n o exportaci\u00f3n pagados no son reembolsables de acuerdo con esta Pol\u00edtica de devoluci\u00f3n y el cliente debe hacerse cargo de ellos.\u00a0Sujeto a ciertas condiciones o excepciones.\u00a0 Por favor &#8230; <a title=\"Devoluciones\" class=\"read-more\" href=\"https:\/\/trendssoncommunity.com\/es\/devoluciones\/\" aria-label=\"Leer m\u00e1s sobre Devoluciones\">Leer m\u00e1s<\/a><\/p>\n","protected":false},"author":3,"featured_media":0,"parent":0,"menu_order":0,"comment_status":"closed","ping_status":"closed","template":"elementor_header_footer","meta":{"_acf_changed":false,"_crdt_document":"","advanced_seo_description":"","jetpack_seo_html_title":"","jetpack_seo_noindex":false,"footnotes":""},"class_list":["post-3957","page","type-page","status-publish"],"acf":[],"jetpack_sharing_enabled":true,"jetpack_shortlink":"https:\/\/wp.me\/PhdE1b-11P","_links":{"self":[{"href":"https:\/\/trendssoncommunity.com\/es\/wp-json\/wp\/v2\/pages\/3957","targetHints":{"allow":["GET"]}}],"collection":[{"href":"https:\/\/trendssoncommunity.com\/es\/wp-json\/wp\/v2\/pages"}],"about":[{"href":"https:\/\/trendssoncommunity.com\/es\/wp-json\/wp\/v2\/types\/page"}],"author":[{"embeddable":true,"href":"https:\/\/trendssoncommunity.com\/es\/wp-json\/wp\/v2\/users\/3"}],"replies":[{"embeddable":true,"href":"https:\/\/trendssoncommunity.com\/es\/wp-json\/wp\/v2\/comments?post=3957"}],"version-history":[{"count":1,"href":"https:\/\/trendssoncommunity.com\/es\/wp-json\/wp\/v2\/pages\/3957\/revisions"}],"predecessor-version":[{"id":3958,"href":"https:\/\/trendssoncommunity.com\/es\/wp-json\/wp\/v2\/pages\/3957\/revisions\/3958"}],"wp:attachment":[{"href":"https:\/\/trendssoncommunity.com\/es\/wp-json\/wp\/v2\/media?parent=3957"}],"curies":[{"name":"wp","href":"https:\/\/api.w.org\/{rel}","templated":true}]}}